{"id":340,"date":"2023-12-15T14:11:07","date_gmt":"2023-12-15T13:11:07","guid":{"rendered":"https:\/\/ciriacobrown.wearepleh.com\/?page_id=340"},"modified":"2023-12-21T19:01:01","modified_gmt":"2023-12-21T18:01:01","slug":"aviso-legal","status":"publish","type":"page","link":"https:\/\/ciriacobrown.com\/en\/aviso-legal\/","title":{"rendered":"legal notice"},"content":{"rendered":"\t\t<div data-elementor-type=\"wp-page\" data-elementor-id=\"340\" class=\"elementor elementor-340\" data-elementor-post-type=\"page\">\n\t\t\t\t<div class=\"elementor-element elementor-element-56f09d1 e-flex e-con-boxed e-con e-parent\" data-id=\"56f09d1\" data-element_type=\"container\" data-e-type=\"container\" data-settings=\"{&quot;background_background&quot;:&quot;classic&quot;,&quot;shape_divider_bottom&quot;:&quot;waves&quot;,&quot;background_motion_fx_motion_fx_scrolling&quot;:&quot;yes&quot;,&quot;background_motion_fx_translateY_effect&quot;:&quot;yes&quot;,&quot;background_motion_fx_translateY_speed&quot;:{&quot;unit&quot;:&quot;px&quot;,&quot;size&quot;:2,&quot;sizes&quot;:[]},&quot;background_motion_fx_translateY_affectedRange&quot;:{&quot;unit&quot;:&quot;%&quot;,&quot;size&quot;:&quot;&quot;,&quot;sizes&quot;:{&quot;start&quot;:0,&quot;end&quot;:100}},&quot;background_motion_fx_devices&quot;:[&quot;widescreen&quot;,&quot;desktop&quot;,&quot;laptop&quot;,&quot;tablet&quot;,&quot;mobile&quot;]}\">\n\t\t\t\t\t<div class=\"e-con-inner\">\n\t\t\t\t<div class=\"elementor-shape elementor-shape-bottom\" aria-hidden=\"true\" data-negative=\"false\">\n\t\t\t<svg xmlns=\"http:\/\/www.w3.org\/2000\/svg\" viewBox=\"0 0 1000 100\" preserveAspectRatio=\"none\">\n\t<path class=\"elementor-shape-fill\" d=\"M421.9,6.5c22.6-2.5,51.5,0.4,75.5,5.3c23.6,4.9,70.9,23.5,100.5,35.7c75.8,32.2,133.7,44.5,192.6,49.7\n\tc23.6,2.1,48.7,3.5,103.4-2.5c54.7-6,106.2-25.6,106.2-25.6V0H0v30.3c0,0,72,32.6,158.4,30.5c39.2-0.7,92.8-6.7,134-22.4\n\tc21.2-8.1,52.2-18.2,79.7-24.2C399.3,7.9,411.6,7.5,421.9,6.5z\"\/>\n<\/svg>\t\t<\/div>\n\t\t<div class=\"elementor-element elementor-element-a0ceb70 e-flex e-con-boxed e-con e-child\" data-id=\"a0ceb70\" data-element_type=\"container\" data-e-type=\"container\" data-settings=\"{&quot;background_background&quot;:&quot;classic&quot;}\">\n\t\t\t\t\t<div class=\"e-con-inner\">\n\t\t\t\t<div class=\"elementor-element elementor-element-8f569c6 elementor-invisible elementor-widget elementor-widget-heading\" data-id=\"8f569c6\" data-element_type=\"widget\" data-e-type=\"widget\" data-settings=\"{&quot;_animation&quot;:&quot;fadeInDown&quot;}\" data-widget_type=\"heading.default\">\n\t\t\t\t<div class=\"elementor-widget-container\">\n\t\t\t\t\t<h2 class=\"elementor-heading-title elementor-size-default\">aviso legal<\/h2>\t\t\t\t<\/div>\n\t\t\t\t<\/div>\n\t\t\t\t\t<\/div>\n\t\t\t\t<\/div>\n\t\t<div class=\"elementor-element elementor-element-1a4b18e e-flex e-con-boxed e-con e-child\" data-id=\"1a4b18e\" data-element_type=\"container\" data-e-type=\"container\">\n\t\t\t\t\t<div class=\"e-con-inner\">\n\t\t\t\t<div class=\"elementor-element elementor-element-9cd601d elementor-widget elementor-widget-text-editor\" data-id=\"9cd601d\" data-element_type=\"widget\" data-e-type=\"widget\" data-widget_type=\"text-editor.default\">\n\t\t\t\t<div class=\"elementor-widget-container\">\n\t\t\t\t\t\t\t\t\t<p><span style=\"font-weight: 400;\">El presente Aviso Legal regula las condiciones generales de acceso y utilizaci\u00f3n del sitio web accesible en la direcci\u00f3n URL <\/span><b>ciriacobrown.com<\/b><span style=\"font-weight: 400;\"> (en adelante, el sitio web), que <\/span><b>Ciriaco Brown<\/b><span style=\"font-weight: 400;\"> pone a disposici\u00f3n de los usuarios de Internet.<\/span><span style=\"font-weight: 400;\"><br \/><\/span><span style=\"font-weight: 400;\">La utilizaci\u00f3n del sitio web implica la aceptaci\u00f3n plena y sin reservas de todas y cada una de las disposiciones incluidas en este Aviso Legal. En consecuencia, el usuario del sitio web debe leer atentamente el presente Aviso Legal en cada una de las ocasiones en que se proponga utilizar la web, ya que el texto podr\u00eda sufrir modificaciones a criterio del titular de la web, o a causa de un cambio legislativo, jurisprudencial o en la pr\u00e1ctica empresarial.<\/span><\/p><h2><span style=\"font-weight: 400;\">1.- TITULARIDAD DEL SITIO WEB.<\/span><\/h2><p><span style=\"font-weight: 400;\">Raz\u00f3n Social de la Empresa: <\/span><b>Alonso Alvarez Olmo S.L.<\/b><b><br \/><\/b><span style=\"font-weight: 400;\">Nombre del titular: <\/span><b>Gregorio Solorzano Olmo<\/b><b><br \/><\/b><span style=\"font-weight: 400;\">Domicilio social: <\/span><b>Paseo de la Chopera, 9 \u00b7 Bajo C<\/b><b><br \/><\/b><span style=\"font-weight: 400;\">Poblaci\u00f3n: <\/span><b>Madrid<\/b><b><br \/><\/b><span style=\"font-weight: 400;\">Provincia: <\/span><b>Madrid<\/b><b><br \/><\/b><span style=\"font-weight: 400;\">C.P.: <\/span><b>28045<\/b><b><br \/><\/b><span style=\"font-weight: 400;\">C.I.F.\/D.N.I.: <\/span><b>B88096219<\/b><b><br \/><\/b><span style=\"font-weight: 400;\">Tel\u00e9fono de contacto: <\/span><b>617.836.013<\/b><b><br \/><\/b><span style=\"font-weight: 400;\">Correo electr\u00f3nico: <\/span><b>goyosolmo@gmail.com<\/b><\/p><h2><span style=\"font-weight: 400;\">2.- OBJETO.<\/span><\/h2><p><span style=\"font-weight: 400;\">El sitio web facilita a los usuarios del mismo el acceso a informaci\u00f3n y servicios prestados por <\/span><b>Ciriaco Brown<\/b><span style=\"font-weight: 400;\"> a aquellas personas u organizaciones interesadas en los mismos.<\/span><\/p><h2><span style=\"font-weight: 400;\">3.- ACCESO Y UTILIZACI\u00d3N DE LA WEB.<\/span><\/h2><p><span style=\"font-weight: 400;\">3.1.- Car\u00e1cter gratuito del acceso y utilizaci\u00f3n de la web.<\/span><span style=\"font-weight: 400;\"><br \/><\/span><span style=\"font-weight: 400;\">El acceso a la web tiene car\u00e1cter gratuito para los usuarios de la misma.<\/span><span style=\"font-weight: 400;\"><br \/><\/span><span style=\"font-weight: 400;\">3.2.- Registro de usuarios.<\/span><span style=\"font-weight: 400;\"><br \/><\/span><span style=\"font-weight: 400;\">Con car\u00e1cter general el acceso y utilizaci\u00f3n de la web no exige la previa suscripci\u00f3n o registro de los usuarios de la misma.<\/span><\/p><h2><span style=\"font-weight: 400;\">4.- CONTENIDOS DE LA WEB.<\/span><\/h2><p><span style=\"font-weight: 400;\">El idioma utilizado por el titular en la web ser\u00e1 el castellano. <\/span><b>Ciriaco Brown <\/b><span style=\"font-weight: 400;\">no se responsabiliza de la no comprensi\u00f3n o entendimiento del idioma de la web por el usuario, ni de sus consecuencias.<\/span><span style=\"font-weight: 400;\"><br \/><\/span><b>Ciriaco Brown<\/b><span style=\"font-weight: 400;\"> podr\u00e1 modificar los contenidos sin previo aviso, as\u00ed como suprimir y cambiar \u00e9stos dentro de la web, como la forma en que se accede a \u00e9stos, sin justificaci\u00f3n alguna y libremente, no responsabiliz\u00e1ndose de las consecuencias que los mismos puedan ocasionar a los usuarios.<\/span><span style=\"font-weight: 400;\"><br \/><\/span><span style=\"font-weight: 400;\">Se proh\u00edbe el uso de los contenidos de la web para promocionar, contratar o divulgar publicidad o informaci\u00f3n propia o de terceras personas sin la autorizaci\u00f3n de <\/span><b>Ciriaco Brown<\/b><span style=\"font-weight: 400;\">, ni remitir publicidad o informaci\u00f3n vali\u00e9ndose para ello de los servicios o informaci\u00f3n que se ponen a disposici\u00f3n de los usuarios, independientemente de si la utilizaci\u00f3n es gratuita o no.<\/span><span style=\"font-weight: 400;\"><br \/><\/span><span style=\"font-weight: 400;\">Los enlaces o hiperenlaces que incorporen terceros en sus p\u00e1ginas web, dirigidos a esta web, ser\u00e1n para la apertura de la p\u00e1gina web completa, no pudiendo manifestar, directa o indirectamente, indicaciones falsas, inexactas o confusas, ni incurrir en acciones desleales o il\u00edcitas en contra de <\/span><b>Ciriaco Brown<\/b><span style=\"font-weight: 400;\">.<\/span><\/p><h2><span style=\"font-weight: 400;\">5.- LIMITACI\u00d3N DE RESPONSABILIDAD.<\/span><\/h2><p><span style=\"font-weight: 400;\">Tanto el acceso a la web como el uso inconsentido que pueda efectuarse de la informaci\u00f3n contenida en la misma es de la exclusiva responsabilidad de quien lo realiza. <\/span><b>Ciriaco Brown<\/b><span style=\"font-weight: 400;\"> no responder\u00e1 de ninguna consecuencia, da\u00f1o o perjuicio que pudieran derivarse de dicho acceso o uso. <\/span><b>Ciriaco Brown<\/b><span style=\"font-weight: 400;\"> no se hace responsable de los errores de seguridad, que se puedan producir ni de los da\u00f1os que puedan causarse al sistema inform\u00e1tico del usuario (hardware y software), o a los ficheros o documentos almacenados en el mismo, como consecuencia de:<\/span><span style=\"font-weight: 400;\"><br \/><\/span><span style=\"font-weight: 400;\">\u2013 la presencia de un virus en el ordenador del usuario que sea utilizado para la conexi\u00f3n a los servicios y contenidos de la web,<\/span><span style=\"font-weight: 400;\"><br \/><\/span><span style=\"font-weight: 400;\">\u2013 un mal funcionamiento del navegador,<\/span><span style=\"font-weight: 400;\"><br \/><\/span><span style=\"font-weight: 400;\">\u2013 y\/o del uso de versiones no actualizadas del mismo.<\/span><span style=\"font-weight: 400;\"><br \/><\/span><b>Ciriaco Brown<\/b><span style=\"font-weight: 400;\"> no se hace responsable de la fiabilidad y rapidez de los hiperenlaces que se incorporen en la web para la apertura de otras. <\/span><b>Ciriaco Brown<\/b><span style=\"font-weight: 400;\"> no garantiza la utilidad de estos enlaces, ni se responsabiliza de los contenidos o servicios a los que pueda acceder el usuario por medio de estos enlaces, ni del buen funcionamiento de estas webs.<\/span><span style=\"font-weight: 400;\"><br \/><\/span><b>Ciriaco Brown<\/b><span style=\"font-weight: 400;\"> no ser\u00e1 responsable de los virus o dem\u00e1s programas inform\u00e1ticos que deterioren o puedan deteriorar los sistemas o equipos inform\u00e1ticos de los usuarios al acceder a su web u otras webs a las que se haya accedido mediante enlaces de esta web.<\/span><\/p><h2><span style=\"font-weight: 400;\">6.- EMPLEO DE LA TECNOLOG\u00cdA \u00abCOOKIE\u00bb?.<\/span><\/h2><p><span style=\"font-weight: 400;\">La web emplea cookies, puede consultar nuestra <\/span><a href=\"https:\/\/ciriacobrown.wearepleh.com\/politica-de-cookies\/\" target=\"_blank\" rel=\"noopener\"><span style=\"font-weight: 400;\">Pol\u00edtica de Cookies<\/span><\/a><span style=\"font-weight: 400;\">, que respeta en todo momento la confidencialidad e intimidad del mismo.<\/span><\/p><h2><span style=\"font-weight: 400;\">7.- PROPIEDAD INTELECTUAL E INDUSTRIAL.<\/span><\/h2><p><span style=\"font-weight: 400;\">Son propiedad de <\/span><b>Ciriaco Brown<\/b><span style=\"font-weight: 400;\">, todos los derechos de propiedad industrial e intelectual de la web, as\u00ed como de los contenidos que alberga. Cualquier uso de la web o sus contenidos deber\u00e1 tener un car\u00e1cter exclusivamente particular. Est\u00e1 reservado exclusivamente a <\/span><b>Ciriaco Brown<\/b><span style=\"font-weight: 400;\">, cualquier otro uso que suponga la copia, reproducci\u00f3n, distribuci\u00f3n, transformaci\u00f3n, comunicaci\u00f3n p\u00fablica o cualquier otra acci\u00f3n similar, de todo o parte de los contenidos de la web, por lo que ning\u00fan usuario podr\u00e1 llevar a cabo estas acciones sin la autorizaci\u00f3n previa y por escrito de <\/span><b>Ciriaco Brown<\/b><span style=\"font-weight: 400;\">.<\/span><\/p><h2><span style=\"font-weight: 400;\">\u00a08.- POL\u00cdTICA DE PRIVACIDAD Y PROTECCION DE DATOS<\/span><\/h2><p><b>Ciriaco Brown <\/b><span style=\"font-weight: 400;\">garantiza la protecci\u00f3n y confidencialidad de los datos personales, de cualquier tipo que nos proporcionen nuestras empresas clientes de acuerdo con lo dispuesto en la Ley Org\u00e1nica 15\/1999, de 13 de Diciembre de Protecci\u00f3n de Datos de Car\u00e1cter Personal.<\/span><span style=\"font-weight: 400;\"><br \/><\/span><span style=\"font-weight: 400;\">Todos los datos facilitados por nuestras empresas clientes a <\/span><b>Ciriaco Brown<\/b><span style=\"font-weight: 400;\"> o a su personal, ser\u00e1n incluidos en un fichero automatizado de datos de car\u00e1cter personal creado y mantenido bajo la responsabilidad de <\/span><b>Ciriaco Brown<\/b><span style=\"font-weight: 400;\">, imprescindibles para prestar los servicios solicitados por los usuarios.<\/span><span style=\"font-weight: 400;\"><br \/><\/span><span style=\"font-weight: 400;\">Los datos facilitados ser\u00e1n tratados seg\u00fan el Reglamento de Medidas de Seguridad (Real Decreto 1720\/2007 de 21 de Diciembre), en este sentido <\/span><b>Ciriaco Brown<\/b><span style=\"font-weight: 400;\"> ha adoptado los niveles de protecci\u00f3n que legalmente se exigen, y ha instalado todas las medidas t\u00e9cnicas a su alcance para evitar la perdida, mal uso, alteraci\u00f3n, acceso no autorizado por terceros. No obstante, el usuario debe ser consciente de que las medidas de seguridad en Internet no son inexpugnables. En caso en que considere oportuno que se cedan sus datos de car\u00e1cter personal a otras entidades, el usuario ser\u00e1 informado de los datos cedidos, de la finalidad del fichero y del nombre y direcci\u00f3n del cesionario, para que de su consentimiento inequ\u00edvoco al respecto.<\/span><span style=\"font-weight: 400;\"><br \/><\/span><span style=\"font-weight: 400;\">En cumplimiento de lo establecido en la RGPD, el usuario podr\u00e1 ejercer sus derechos de acceso, rectificaci\u00f3n, cancelaci\u00f3n y oposici\u00f3n. Para ello debe de contactar con nosotros en <\/span><b>goyosolmo@gmail.com<\/b><span style=\"font-weight: 400;\">.<\/span><\/p><h2><span style=\"font-weight: 400;\">9.- LEGISLACI\u00d3N APLICABLE Y JURISDICCI\u00d3N COMPETENTE.<\/span><\/h2><p><span style=\"font-weight: 400;\">El presente Aviso Legal se interpretar\u00e1 y regir\u00e1 de conformidad con la legislaci\u00f3n espa\u00f1ola. <\/span><b>Ciriaco Brown<\/b><span style=\"font-weight: 400;\"> y los usuarios, con renuncia expresa a cualquier otro fuero que pudiera corresponderles, se someten al de los juzgados y tribunales del domicilio del usuario para cualquier controversia que pudiera derivarse del acceso o uso de la web. En el caso de que el usuario tenga su domicilio fuera de Espa\u00f1a, Ciriaco Brown y el usuario, se someten, con renuncia expresa a cualquier otro fuero, a los juzgados y tribunales del domicilio de <\/span><b>Ciriaco Brown<\/b><span style=\"font-weight: 400;\">.<\/span><\/p>\t\t\t\t\t\t\t\t<\/div>\n\t\t\t\t<\/div>\n\t\t\t\t\t<\/div>\n\t\t\t\t<\/div>\n\t\t\t\t\t<\/div>\n\t\t\t\t<\/div>\n\t\t\t\t<\/div>\n\t\t","protected":false},"excerpt":{"rendered":"<p>El presente Aviso Legal regula las condiciones generales de acceso y utilizaci\u00f3n del sitio web accesible en la direcci\u00f3n URL ciriacobrown.com (en adelante, el sitio web), que Ciriaco Brown pone a disposici\u00f3n de los usuarios de Internet.La utilizaci\u00f3n del sitio web implica la aceptaci\u00f3n plena y sin reservas de todas y cada una de las [&hellip;]<\/p>\n","protected":false},"author":20,"featured_media":0,"parent":0,"menu_order":0,"comment_status":"closed","ping_status":"closed","template":"","meta":{"footnotes":""},"class_list":["post-340","page","type-page","status-publish","hentry"],"_links":{"self":[{"href":"https:\/\/ciriacobrown.com\/en\/wp-json\/wp\/v2\/pages\/340","targetHints":{"allow":["GET"]}}],"collection":[{"href":"https:\/\/ciriacobrown.com\/en\/wp-json\/wp\/v2\/pages"}],"about":[{"href":"https:\/\/ciriacobrown.com\/en\/wp-json\/wp\/v2\/types\/page"}],"author":[{"embeddable":true,"href":"https:\/\/ciriacobrown.com\/en\/wp-json\/wp\/v2\/users\/20"}],"replies":[{"embeddable":true,"href":"https:\/\/ciriacobrown.com\/en\/wp-json\/wp\/v2\/comments?post=340"}],"version-history":[{"count":0,"href":"https:\/\/ciriacobrown.com\/en\/wp-json\/wp\/v2\/pages\/340\/revisions"}],"wp:attachment":[{"href":"https:\/\/ciriacobrown.com\/en\/wp-json\/wp\/v2\/media?parent=340"}],"curies":[{"name":"wp","href":"https:\/\/api.w.org\/{rel}","templated":true}]}}