{"id":622,"date":"2023-12-17T13:28:02","date_gmt":"2023-12-17T12:28:02","guid":{"rendered":"https:\/\/ciriacobrown.wearepleh.com\/?page_id=622"},"modified":"2024-01-24T12:46:16","modified_gmt":"2024-01-24T11:46:16","slug":"who-is-ciriaco-brown","status":"publish","type":"page","link":"https:\/\/ciriacobrown.com\/en\/who-is-ciriaco-brown\/","title":{"rendered":"who is Ciriaco Brown?"},"content":{"rendered":"\t\t<div data-elementor-type=\"wp-page\" data-elementor-id=\"622\" class=\"elementor elementor-622\" data-elementor-post-type=\"page\">\n\t\t\t\t<div class=\"elementor-element elementor-element-87340fe e-flex e-con-boxed e-con e-parent\" data-id=\"87340fe\" data-element_type=\"container\" data-e-type=\"container\" data-settings=\"{&quot;background_background&quot;:&quot;classic&quot;,&quot;shape_divider_bottom&quot;:&quot;waves&quot;,&quot;background_motion_fx_motion_fx_scrolling&quot;:&quot;yes&quot;,&quot;background_motion_fx_translateY_effect&quot;:&quot;yes&quot;,&quot;background_motion_fx_translateY_speed&quot;:{&quot;unit&quot;:&quot;px&quot;,&quot;size&quot;:2,&quot;sizes&quot;:[]},&quot;background_motion_fx_translateY_affectedRange&quot;:{&quot;unit&quot;:&quot;%&quot;,&quot;size&quot;:&quot;&quot;,&quot;sizes&quot;:{&quot;start&quot;:0,&quot;end&quot;:100}},&quot;background_motion_fx_devices&quot;:[&quot;widescreen&quot;,&quot;desktop&quot;,&quot;laptop&quot;,&quot;tablet&quot;,&quot;mobile&quot;]}\">\n\t\t\t\t\t<div class=\"e-con-inner\">\n\t\t\t\t<div class=\"elementor-shape elementor-shape-bottom\" aria-hidden=\"true\" data-negative=\"false\">\n\t\t\t<svg xmlns=\"http:\/\/www.w3.org\/2000\/svg\" viewBox=\"0 0 1000 100\" preserveAspectRatio=\"none\">\n\t<path class=\"elementor-shape-fill\" d=\"M421.9,6.5c22.6-2.5,51.5,0.4,75.5,5.3c23.6,4.9,70.9,23.5,100.5,35.7c75.8,32.2,133.7,44.5,192.6,49.7\n\tc23.6,2.1,48.7,3.5,103.4-2.5c54.7-6,106.2-25.6,106.2-25.6V0H0v30.3c0,0,72,32.6,158.4,30.5c39.2-0.7,92.8-6.7,134-22.4\n\tc21.2-8.1,52.2-18.2,79.7-24.2C399.3,7.9,411.6,7.5,421.9,6.5z\"\/>\n<\/svg>\t\t<\/div>\n\t\t<div class=\"elementor-element elementor-element-baced4d e-flex e-con-boxed e-con e-child\" data-id=\"baced4d\" data-element_type=\"container\" data-e-type=\"container\" data-settings=\"{&quot;background_background&quot;:&quot;classic&quot;}\">\n\t\t\t\t\t<div class=\"e-con-inner\">\n\t\t\t\t<div class=\"elementor-element elementor-element-d6cd17d elementor-invisible elementor-widget elementor-widget-heading\" data-id=\"d6cd17d\" data-element_type=\"widget\" data-e-type=\"widget\" data-settings=\"{&quot;_animation&quot;:&quot;fadeInDown&quot;}\" data-widget_type=\"heading.default\">\n\t\t\t\t<div class=\"elementor-widget-container\">\n\t\t\t\t\t<h2 class=\"elementor-heading-title elementor-size-default\">\u00bfqui\u00e9n es Ciriaco Brown?<\/h2>\t\t\t\t<\/div>\n\t\t\t\t<\/div>\n\t\t\t\t\t<\/div>\n\t\t\t\t<\/div>\n\t\t<div class=\"elementor-element elementor-element-b801cbc e-flex e-con-boxed e-con e-child\" data-id=\"b801cbc\" data-element_type=\"container\" data-e-type=\"container\">\n\t\t\t\t\t<div class=\"e-con-inner\">\n\t\t<div class=\"elementor-element elementor-element-aa96894 e-flex e-con-boxed e-con e-child\" data-id=\"aa96894\" data-element_type=\"container\" data-e-type=\"container\">\n\t\t\t\t\t<div class=\"e-con-inner\">\n\t\t\t\t<div class=\"elementor-element elementor-element-4d7d6c4 animated-fast elementor-invisible elementor-widget elementor-widget-text-editor\" data-id=\"4d7d6c4\" data-element_type=\"widget\" data-e-type=\"widget\" data-settings=\"{&quot;_animation&quot;:&quot;fadeIn&quot;,&quot;_animation_delay&quot;:200}\" data-widget_type=\"text-editor.default\">\n\t\t\t\t<div class=\"elementor-widget-container\">\n\t\t\t\t\t\t\t\t\t<p>Ciriaco Jim\u00e9nez Brown, tambi\u00e9n conocido como Ciriaco Brown, es el personaje \u00abreal\u00bb que da nombre al espacio y cuya presencia se percibe en cada rinc\u00f3n del local. Este vividor, sin trabajo conocido, naci\u00f3 en los a\u00f1os 40, en el seno de una familia de alcurnia madrile\u00f1a. De padre espa\u00f1ol y madre inglesa, Ciriaco entendi\u00f3 desde muy joven cu\u00e1ndo utilizar sus apellidos: Jim\u00e9nez para impresionar a la sociedad castiza y Brown en las esferas m\u00e1s internacionales.<\/p><p>\u00c1vido de nuevas aventuras y amante del lujo y el confort, siempre ha sabido encandilar a sus interlocutores para obtener de ellos lo que mejor atienda a su beneficio, que no es otro que trabajar poco y disfrutar mucho.\u00a0<\/p><p><b>\u00bfC\u00f3mo lo consigue?<\/b> Es de esas personas cuyo carisma y presencia hacen que te sientas afortunado solo por estar incluido en sus planes. Su sonrisa p\u00edcara provoca ese escalofr\u00edo que se siente cuando no est\u00e1s del todo seguro de la legalidad de lo que est\u00e1s haciendo, pero al mismo tiempo sabes que no puedes perd\u00e9rtelo. Su mirada c\u00e1lida y llena de energ\u00eda te apremia a agarrar la vida por los cuernos y quemarla, con la certeza de que cuando te enfrentes al d\u00eda del juicio final llegar\u00e1s con un cuerpo maltrecho y bien usado.<\/p><p><a href=\"https:\/\/ciriacobrown.com\">Ciriaco Brown<\/a> nunca ha tenido problemas de dinero, no solo por el respaldo familiar, sino porque no le gusta gastarlo demasiado; su cartera no sale a relucir si no es \u00abestrictamente necesario\u00bb. Tiene una habilidad pasmosa para lograr que la gente se ofrezca a pagar gustosamente las copas. Como \u00e9l siempre dice, \u00ablos simp\u00e1ticos no pagamos, eso es cosa de antip\u00e1ticos\u00bb.<\/p><p>Ciriaco Brown siempre fue amante de los viajes, conoce los 5 continentes, y como ya os pod\u00e9is imaginar, un libro completo de memorias no dar\u00eda para todas sus batallas. Siempre ha tenido la habilidad de estar en la \u00e9poca exacta en su lugar preciso. Antes incluso de la llegada del mundo \u00abinfluencer\u00bb, muchos ya se preguntaban si Ciriaco Brown persegu\u00eda tendencias o era la propia tendencia en s\u00ed.<\/p><p>Son tantas las cosas que ha hecho que se ha convertido en leyenda, y como todas las leyendas, a veces es dif\u00edcil discernir qu\u00e9 es historia real y qu\u00e9 es fantas\u00eda. Muchos lo sit\u00faan disfrutando de la \u00abdolce vita\u00bb, corriendo en los San Fermines con Hemingway, pasando la noche con Mata Hari o en el funeral de Marilyn Monroe, pues eran grandes amigos.<\/p><p>Pero, \u00bfc\u00f3mo es realmente Ciriaco? Ciriaco Brown huele a <a href=\"https:\/\/varondandy.com\" target=\"_blank\" rel=\"noopener\">Varon Dandy<\/a>, o mejor dicho, el Varon Dandy huele a Ciriaco. Fuma Coh\u00edbas, que le env\u00eda su amigo Ra\u00fal (Castro), y si no los tiene, fumar\u00e1 cualquier cosa, pero siempre dir\u00e1 que son Coh\u00edbas. Y, para encenderlos, siempre utiliza cerillas; los mecheros son una modernidad que \u00abva a pasar de moda\u00bb. En cuanto a la bebida, solo toma whisky, malta de 50 a\u00f1os, y si no lo hay, cualquier cosa que se pueda servir en un vaso on the rocks.<\/p><p>La m\u00fasica que m\u00e1s le gusta es aquella que no le impide hablar y propicia la atm\u00f3sfera perfecta para susurrar al o\u00eddo. Su presencia en cualquier evento es como un im\u00e1n para las historias fascinantes y los personajes intrigantes. La gente se pregunta si \u00e9l crea la tendencia o si simplemente sabe anticiparla con maestr\u00eda. Su capacidad para estar en el momento y lugar precisos ha llevado a muchos a especular si Ciriaco es un viajero del tiempo o simplemente un hombre con un sentido innato para las oportunidades.<\/p><p>Ciriaco Brown, un personaje enigm\u00e1tico y legendario, cuya vida llena de excentricidades y experiencias fascinantes sigue siendo motivo de admiraci\u00f3n y misterio. Su existencia parece un collage de momentos \u00e9picos, fusionando lo mundano con lo extraordinario de una manera que solo los aut\u00e9nticos bohemios pueden comprender. La leyenda de Ciriaco contin\u00faa creciendo, trascendiendo el tiempo y dejando una huella imborrable en la memoria colectiva de aquellos que han tenido el privilegio de cruzar su camino.<\/p>\t\t\t\t\t\t\t\t<\/div>\n\t\t\t\t<\/div>\n\t\t\t\t<div class=\"elementor-element elementor-element-144ebd0 animated-fast elementor-invisible elementor-widget elementor-widget-text-editor\" data-id=\"144ebd0\" data-element_type=\"widget\" data-e-type=\"widget\" data-settings=\"{&quot;_animation&quot;:&quot;fadeIn&quot;,&quot;_animation_delay&quot;:200}\" data-widget_type=\"text-editor.default\">\n\t\t\t\t<div class=\"elementor-widget-container\">\n\t\t\t\t\t\t\t\t\t<p>Pero si hay una frase que lo define por encima de todo y que se ha convertido en el lema de esta casa es:<\/p>\t\t\t\t\t\t\t\t<\/div>\n\t\t\t\t<\/div>\n\t\t\t\t<div class=\"elementor-element elementor-element-a3129e2 animated-fast elementor-invisible elementor-widget elementor-widget-heading\" data-id=\"a3129e2\" data-element_type=\"widget\" data-e-type=\"widget\" data-settings=\"{&quot;_animation&quot;:&quot;fadeInUp&quot;,&quot;_animation_delay&quot;:100}\" data-widget_type=\"heading.default\">\n\t\t\t\t<div class=\"elementor-widget-container\">\n\t\t\t\t\t<h2 class=\"elementor-heading-title elementor-size-default\">\u00a1A todo confort!<\/h2>\t\t\t\t<\/div>\n\t\t\t\t<\/div>\n\t\t\t\t\t<\/div>\n\t\t\t\t<\/div>\n\t\t\t\t\t<\/div>\n\t\t\t\t<\/div>\n\t\t\t\t\t<\/div>\n\t\t\t\t<\/div>\n\t\t\t\t<\/div>\n\t\t","protected":false},"excerpt":{"rendered":"<p>Ciriaco Jim\u00e9nez Brown, tambi\u00e9n conocido como Ciriaco Brown, es el personaje \u00abreal\u00bb que da nombre al espacio y cuya presencia se percibe en cada rinc\u00f3n del local. Este vividor, sin trabajo conocido, naci\u00f3 en los a\u00f1os 40, en el seno de una familia de alcurnia madrile\u00f1a. De padre espa\u00f1ol y madre inglesa, Ciriaco entendi\u00f3 desde [&hellip;]<\/p>\n","protected":false},"author":20,"featured_media":637,"parent":0,"menu_order":0,"comment_status":"closed","ping_status":"closed","template":"elementor_header_footer","meta":{"footnotes":""},"class_list":["post-622","page","type-page","status-publish","has-post-thumbnail","hentry"],"_links":{"self":[{"href":"https:\/\/ciriacobrown.com\/en\/wp-json\/wp\/v2\/pages\/622","targetHints":{"allow":["GET"]}}],"collection":[{"href":"https:\/\/ciriacobrown.com\/en\/wp-json\/wp\/v2\/pages"}],"about":[{"href":"https:\/\/ciriacobrown.com\/en\/wp-json\/wp\/v2\/types\/page"}],"author":[{"embeddable":true,"href":"https:\/\/ciriacobrown.com\/en\/wp-json\/wp\/v2\/users\/20"}],"replies":[{"embeddable":true,"href":"https:\/\/ciriacobrown.com\/en\/wp-json\/wp\/v2\/comments?post=622"}],"version-history":[{"count":0,"href":"https:\/\/ciriacobrown.com\/en\/wp-json\/wp\/v2\/pages\/622\/revisions"}],"wp:featuredmedia":[{"embeddable":true,"href":"https:\/\/ciriacobrown.com\/en\/wp-json\/wp\/v2\/media\/637"}],"wp:attachment":[{"href":"https:\/\/ciriacobrown.com\/en\/wp-json\/wp\/v2\/media?parent=622"}],"curies":[{"name":"wp","href":"https:\/\/api.w.org\/{rel}","templated":true}]}}